{"id":327,"date":"2015-06-28T09:25:07","date_gmt":"2015-06-28T09:25:07","guid":{"rendered":"http:\/\/freeotegi.com\/?page_id=327"},"modified":"2015-06-28T09:26:58","modified_gmt":"2015-06-28T09:26:58","slug":"llibertat-per-a-arnaldo-otegi-presos-bascos-a-casa","status":"publish","type":"page","link":"https:\/\/freeotegi.com\/ca\/llibertat-per-a-arnaldo-otegi-presos-bascos-a-casa\/","title":{"rendered":"LLIBERTAT PER A ARNALDO OTEGI; PRESOS BASCOS, A CASA"},"content":{"rendered":"<p>Ja fa cinc anys que el moviment independentista basc va obrir un profund debat sense precedents que va concloure amb una aposta inequ\u00edvoca per vies exclusivament pac\u00edfiques i democr\u00e0tiques, renunciant a la viol\u00e8ncia en la seva reclamaci\u00f3 del respecte a l&#8217;autodeterminaci\u00f3 del Pa\u00eds Basc, i amb una disposici\u00f3 n\u00edtida a tancar totalment, mitjan\u00e7ant la paraula i el di\u00e0leg, el llarg conflicte violent que ha assolat la regi\u00f3 des de fa d\u00e8cades.<\/p>\n<p>A l&#8217;octubre de 2011, ETA responia positivament a la crida realitzada des de la Confer\u00e8ncia Internacional d&#8217;Aiete (Sant Sebasti\u00e0) que li demandava el cessament definitiu de la seva activitat armada de m\u00e9s de 50 anys i l&#8217;obertura d&#8217;un proc\u00e9s de di\u00e0leg.<\/p>\n<p>El Premi Nobel de la Pau Desmond Tutu va assenyalar Arnaldo Otegi, al seu dia portaveu de Batasuna i avui secretari general de Sortu, com &#8220;el l\u00edder d&#8217;aquest proc\u00e9s de pau&#8221;. Efectivament, Otegi va ser el dirigent m\u00e9s destacat entre aquells que van propiciar en les forces independentistes el debat sobre la necessitat d&#8217;apostar per la paraula per solucionar tot conflicte. La seva aposta per vies exclusivament pac\u00edfiques i democr\u00e0tiques va ser resposta\u00a0amb el seu arrest, a l&#8217;octubre de 2009, i amb la seva condemna posterior a m\u00e9s de sis anys i mig de pres\u00f3 per pert\u00e0nyer a l&#8217;organitzaci\u00f3 pol\u00edtica Batasuna, il\u00b7legalitzada pr\u00e8viament pel Govern espanyol.<\/p>\n<p>Malauradament, la fi de l&#8217;activitat armada d&#8217;ETA, que ha mostrat la seva disposici\u00f3 a un proc\u00e9s de desarmament i de di\u00e0leg i reconciliaci\u00f3 que tingui en compte el mal de totes les v\u00edctimes, no ha comportat encara resposta positiva per part de l&#8217;Estat espanyol.<\/p>\n<p>Arnaldo Otegi, el cas del qual ha estat recorregut davant del Tribunal Europeu de Drets Humans, es troba en una pres\u00f3 espanyola allunyat dels seus familiars i amics. Aix\u00ed estan tamb\u00e9 prop de 500 presos bascos relacionats amb aquest conflicte. Dispersats en presons llunyanes al Pa\u00eds Basc, freq\u00fcentment incomunicats, aquesta realitat provoca, a m\u00e9s, un c\u00e0stig afegit als seus familiars, abocats a rec\u00f3rrer llargues dist\u00e0ncies per poder visitar-los.<\/p>\n<p>Davant d&#8217;aix\u00f2, demanem la llibertat immediata de l&#8217;home que va saber arriscar per la pau i la democr\u00e0cia, de qui va apostar per la paraula quan semblava que ning\u00fa no ho faria. El seu alliberament i el final de la pol\u00edtica d&#8217;allunyament, com a pas previ a l&#8217;excarceraci\u00f3 ben aviat dels presos bascos, s\u00f3n passos necessaris per poder assolir una pau justa i duradora a la regi\u00f3.<\/p>\n<p>Per humanitat. Per just\u00edcia. Perqu\u00e8 creiem en una soluci\u00f3 sense vencedors ni ven\u00e7uts. Perqu\u00e8 apostem per la pau. Per aix\u00f2 demanem llibertat per a Arnaldo Otegi i el trasllat dels presos al Pa\u00eds Basc.<\/p>\n<p><a href=\"http:\/\/freeotegi.com\/wp-content\/uploads\/2015\/06\/AO-CAT-Short.pdf\">Download<\/a><\/p>\n","protected":false},"excerpt":{"rendered":"<p>Ja fa cinc anys que el moviment independentista basc va obrir un profund debat sense precedents que va concloure amb una aposta inequ\u00edvoca per vies exclusivament pac\u00edfiques i democr\u00e0tiques, renunciant a la viol\u00e8ncia en la seva reclamaci\u00f3 del respecte a l&#8217;autodeterminaci\u00f3 del Pa\u00eds Basc, i amb una disposici\u00f3 n\u00edtida a tancar totalment, mitjan\u00e7ant la paraula [&hellip;]<\/p>\n","protected":false},"author":2,"featured_media":0,"parent":0,"menu_order":0,"comment_status":"open","ping_status":"closed","template":"","meta":[],"_links":{"self":[{"href":"https:\/\/freeotegi.com\/ca\/wp-json\/wp\/v2\/pages\/327"}],"collection":[{"href":"https:\/\/freeotegi.com\/ca\/wp-json\/wp\/v2\/pages"}],"about":[{"href":"https:\/\/freeotegi.com\/ca\/wp-json\/wp\/v2\/types\/page"}],"author":[{"embeddable":true,"href":"https:\/\/freeotegi.com\/ca\/wp-json\/wp\/v2\/users\/2"}],"replies":[{"embeddable":true,"href":"https:\/\/freeotegi.com\/ca\/wp-json\/wp\/v2\/comments?post=327"}],"version-history":[{"count":2,"href":"https:\/\/freeotegi.com\/ca\/wp-json\/wp\/v2\/pages\/327\/revisions"}],"predecessor-version":[{"id":330,"href":"https:\/\/freeotegi.com\/ca\/wp-json\/wp\/v2\/pages\/327\/revisions\/330"}],"wp:attachment":[{"href":"https:\/\/freeotegi.com\/ca\/wp-json\/wp\/v2\/media?parent=327"}],"curies":[{"name":"wp","href":"https:\/\/api.w.org\/{rel}","templated":true}]}}