{"id":24,"date":"2015-03-20T16:42:36","date_gmt":"2015-03-20T16:42:36","guid":{"rendered":"http:\/\/freeotegi.com\/?page_id=24"},"modified":"2015-03-24T13:57:11","modified_gmt":"2015-03-24T13:57:11","slug":"libertad-para-arnaldo-otegi-presos-vascos-a-casa","status":"publish","type":"page","link":"https:\/\/freeotegi.com\/es\/libertad-para-arnaldo-otegi-presos-vascos-a-casa\/","title":{"rendered":"LIBERTAD PARA ARNALDO OTEGI; PRESOS VASCOS, A CASA"},"content":{"rendered":"<p>Hace ya cinco a\u00f1os el movimiento independentista vasco abri\u00f3 un profundo debate sin precedentes que concluy\u00f3 con una apuesta inequ\u00edvoca por v\u00edas exclusivamente pac\u00edficas y democr\u00e1ticas, renunciando a la violencia en su reclamaci\u00f3n del respeto a la autodeterminaci\u00f3n del Pa\u00eds Vasco, y con una disposici\u00f3n n\u00edtida a cerrar totalmente, por medio de la palabra y el di\u00e1logo, el largo conflicto violento que ha asolado la regi\u00f3n desde hace d\u00e9cadas.<\/p>\n<p>En octubre de 2011, ETA respond\u00eda positivamente al llamamiento realizado desde la Conferencia Internacional de Aiete (San Sebasti\u00e1n) que le demandaba el cese definitivo de su actividad armada de m\u00e1s de 50 a\u00f1os y la apertura de un proceso de di\u00e1logo.<\/p>\n<p>El Premio Nobel de la Paz Desmond Tutu se\u00f1al\u00f3 a Arnaldo Otegi, en su d\u00eda portavoz de Batasuna y hoy secretario general de Sortu, como &#8220;el l\u00edder de este proceso de paz&#8221;. Efectivamente, Otegi fue el dirigente m\u00e1s destacado entre aquellos que propiciaron en las fuerzas independentistas el debate sobre la necesidad de apostar por la palabra para solucionar todo conflicto. Su apuesta por v\u00edas exclusivamente pac\u00edficas y democr\u00e1ticas fue respondida con su arresto, en octubre de 2009, y con su posterior condena a m\u00e1s de seis a\u00f1os y medio de prisi\u00f3n por pertenecer a la organizaci\u00f3n pol\u00edtica Batasuna, ilegalizada previamente por el Gobierno espa\u00f1ol.<\/p>\n<p>Desgraciadamente, el fin de la actividad armada de ETA, que ha mostrado su disposici\u00f3n a un proceso de desarme y de di\u00e1logo y reconciliaci\u00f3n que tenga en cuenta el dolor de todas las v\u00edctimas, no ha tra\u00eddo consigo todav\u00eda respuesta positiva alguna por parte del Estado espa\u00f1ol.<\/p>\n<p>Arnaldo Otegi, cuyo caso ha sido recurrido ante el Tribunal Europeo de Derechos Humanos, se encuentra en una prisi\u00f3n espa\u00f1ola alejado de sus familiares y amigos. As\u00ed est\u00e1n tambi\u00e9n cerca de 500 presos vascos relacionados con este conflicto. Dispersados en prisiones lejanas al Pa\u00eds Vasco, frecuentemente incomunicados, esta realidad provoca, adem\u00e1s, un castigo a\u00f1adido a sus familiares, abocados a recorrer largas distancias para poder visitarlos.<\/p>\n<p>Ante esto, pedimos la libertad inmediata del hombre que supo arriesgar por la paz y la democracia, de quien apost\u00f3 por la palabra cuando parec\u00eda que nadie lo har\u00eda. Su liberaci\u00f3n y el final de la pol\u00edtica de alejamiento, como paso previo a la excarcelaci\u00f3n temprana de los presos vascos, son pasos necesarios para poder alcanzar una paz justa y duradera en la regi\u00f3n.<\/p>\n<p>Por humanidad. Por justicia. Porque creemos en una soluci\u00f3n sin vencedores ni vencidos. Porque apostamos por la paz. Por eso pedimos libertad para Arnaldo Otegi y el traslado de los presos al Pa\u00eds Vasco.<\/p>\n<p><a href=\"http:\/\/freeotegi.com\/wp-content\/uploads\/2015\/03\/AO-ES-Short.pdf\">Download<\/a><\/p>\n","protected":false},"excerpt":{"rendered":"<p>Hace ya cinco a\u00f1os el movimiento independentista vasco abri\u00f3 un profundo debate sin precedentes que concluy\u00f3 con una apuesta inequ\u00edvoca por v\u00edas exclusivamente pac\u00edficas y democr\u00e1ticas, renunciando a la violencia en su reclamaci\u00f3n del respeto a la autodeterminaci\u00f3n del Pa\u00eds Vasco, y con una disposici\u00f3n n\u00edtida a cerrar totalmente, por medio de la palabra y [&hellip;]<\/p>\n","protected":false},"author":2,"featured_media":0,"parent":0,"menu_order":0,"comment_status":"open","ping_status":"closed","template":"","meta":[],"_links":{"self":[{"href":"https:\/\/freeotegi.com\/es\/wp-json\/wp\/v2\/pages\/24"}],"collection":[{"href":"https:\/\/freeotegi.com\/es\/wp-json\/wp\/v2\/pages"}],"about":[{"href":"https:\/\/freeotegi.com\/es\/wp-json\/wp\/v2\/types\/page"}],"author":[{"embeddable":true,"href":"https:\/\/freeotegi.com\/es\/wp-json\/wp\/v2\/users\/2"}],"replies":[{"embeddable":true,"href":"https:\/\/freeotegi.com\/es\/wp-json\/wp\/v2\/comments?post=24"}],"version-history":[{"count":3,"href":"https:\/\/freeotegi.com\/es\/wp-json\/wp\/v2\/pages\/24\/revisions"}],"predecessor-version":[{"id":265,"href":"https:\/\/freeotegi.com\/es\/wp-json\/wp\/v2\/pages\/24\/revisions\/265"}],"wp:attachment":[{"href":"https:\/\/freeotegi.com\/es\/wp-json\/wp\/v2\/media?parent=24"}],"curies":[{"name":"wp","href":"https:\/\/api.w.org\/{rel}","templated":true}]}}