{"id":28,"date":"2015-03-20T16:44:24","date_gmt":"2015-03-20T16:44:24","guid":{"rendered":"http:\/\/freeotegi.com\/?page_id=28"},"modified":"2015-03-24T13:55:58","modified_gmt":"2015-03-24T13:55:58","slug":"liberte-pour-arnaldo-otegi-prisonniers-basques-au-pays-basque","status":"publish","type":"page","link":"https:\/\/freeotegi.com\/fr\/liberte-pour-arnaldo-otegi-prisonniers-basques-au-pays-basque\/","title":{"rendered":"Liberte pour Arnaldo Otegi. Prisonniers Basques au Pays Basque!"},"content":{"rendered":"<p>Il y a 5 ans, le mouvement ind\u00e9pendantiste basque ouvrit un profond d\u00e9bat sans pr\u00e9c\u00e9dents qui se conclut par un engagement sans \u00e9quivoque de l\u2019exercice de voies exclusivement pacifiques et d\u00e9mocratiques, renon\u00e7ant ainsi \u00e0 la violence dans sa r\u00e9clamation du respect au droit d\u2019autod\u00e9termination du Pays Basque, et avec une claire disposition \u00e0 clore d\u00e9finitivement, \u00e0 travers le dialogue, le long conflit violent qui a touch\u00e9 la r\u00e9gion depuis des d\u00e9cennies.<\/p>\n<p>En octobre 2011, ETA a r\u00e9pondu positivement \u00e0 l&#8217;appel r\u00e9alis\u00e9 par la Conf\u00e9rence Internationale d&#8217;Aiete (San S\u00e9bastian), qui demandait le cessez d\u00e9finitif de son activit\u00e9 arm\u00e9e de plus de 50 ans et l&#8217;ouverture d&#8217;un processus de dialogue.<\/p>\n<p>Le Prix Nobel de la Paix Desmond Tutu signala \u00e0 Arnaldo Otegi, \u00e0 l&#8217;\u00e9poque porte-parole de Batasuna et aujourd&#8217;hui Secr\u00e9taire g\u00e9n\u00e9ral de SORTU, comme &#8220;le leader de ce processus de paix&#8221;.\u00a0 Effectivement, Otegi fut, parmi les forces ind\u00e9pendantistes, le dirigeant le plus actif de ceux qui ont appuy\u00e9 le d\u00e9bat sur la n\u00e9cessit\u00e9 de parier pour le dialogue afin de r\u00e9gler tout conflit. <\/p>\n<p>Son implication pour les voies exclusivement pacifiques et d\u00e9mocratiques eut comme r\u00e9ponse son arrestation, en octobre 2009, et sa condamnation \u00e0 plus de 6 ans et demi de prison pour appartenance \u00e0 l&#8217;organisation politique Batasuna, rendue ill\u00e9gale peu avant par le gouvernement espagnol.<\/p>\n<p>Malheureusement la fin de l&#8217;activit\u00e9 arm\u00e9e de l&#8217;ETA, qui a prouv\u00e9 son intention de participer \u00e0 un processus de d\u00e9sarmement et de dialogue et de r\u00e9conciliation qui tient en consid\u00e9ration la douleur de toutes les victimes, n&#8217;a entrain\u00e9 aucune r\u00e9ponse positive de la part du gouvernement espagnol.<\/p>\n<p>Arnaldo Otegi, dont la cause a \u00e9t\u00e9 pr\u00e9sent\u00e9e devant la cour europ\u00e9enne des Droits de l&#8217;Homme, se trouve actuellement dans une prison espagnole \u00e9loign\u00e9 de sa famille et de ses amis.\u00a0 Dans les m\u00eames conditions se trouvent pr\u00e8s de 500 prisonniers basques qui ont eu une relation avec ce conflit. La dispersion dans de nombreuses prisons, l\u2019\u00e9loignement du Pays basque, et l\u2019isolement que subissent les prisonniers basques supposent une double peine puisque leurs familles doivent aussi en subir les cons\u00e9quences, devant parcourir de longues distances pour pouvoir leur rendre visite.<\/p>\n<p>Face \u00e0 cette situation, nous demandons la lib\u00e9ration imm\u00e9diate de l&#8217;homme qui a su risquer pour la paix et la d\u00e9mocratie, qui a pari\u00e9 pour le dialogue quand tout semblait indiquer que personne ne le ferait. Sa lib\u00e9ration et la fin de la politique d&#8217;\u00e9loignement, comme un pr\u00e9alable avant la sortie rapide de prison des prisonniers basques, sont les pas n\u00e9cessaires pour aboutir \u00e0 une paix juste et durable dans la r\u00e9gion.<\/p>\n<p>Par humanit\u00e9. Par Justice. Parce que nous croyons en une solution sans vainqueurs ni vaincus. Parce que nous parions pour la paix.<\/p>\n<p>Pour tout cela nous demandons la libert\u00e9 d\u2019Arnaldo Otegi et le transfert des prisonniers au Pays Basque.<\/p>\n<p><a href=\"http:\/\/freeotegi.com\/wp-content\/uploads\/2015\/03\/AO-FR-Short.pdf\">Download<\/a><\/p>\n","protected":false},"excerpt":{"rendered":"<p>Il y a 5 ans, le mouvement ind\u00e9pendantiste basque ouvrit un profond d\u00e9bat sans pr\u00e9c\u00e9dents qui se conclut par un engagement sans \u00e9quivoque de l\u2019exercice de voies exclusivement pacifiques et d\u00e9mocratiques, renon\u00e7ant ainsi \u00e0 la violence dans sa r\u00e9clamation du respect au droit d\u2019autod\u00e9termination du Pays Basque, et avec une claire disposition \u00e0 clore d\u00e9finitivement, [&hellip;]<\/p>\n","protected":false},"author":2,"featured_media":0,"parent":0,"menu_order":0,"comment_status":"open","ping_status":"closed","template":"","meta":[],"_links":{"self":[{"href":"https:\/\/freeotegi.com\/fr\/wp-json\/wp\/v2\/pages\/28"}],"collection":[{"href":"https:\/\/freeotegi.com\/fr\/wp-json\/wp\/v2\/pages"}],"about":[{"href":"https:\/\/freeotegi.com\/fr\/wp-json\/wp\/v2\/types\/page"}],"author":[{"embeddable":true,"href":"https:\/\/freeotegi.com\/fr\/wp-json\/wp\/v2\/users\/2"}],"replies":[{"embeddable":true,"href":"https:\/\/freeotegi.com\/fr\/wp-json\/wp\/v2\/comments?post=28"}],"version-history":[{"count":3,"href":"https:\/\/freeotegi.com\/fr\/wp-json\/wp\/v2\/pages\/28\/revisions"}],"predecessor-version":[{"id":263,"href":"https:\/\/freeotegi.com\/fr\/wp-json\/wp\/v2\/pages\/28\/revisions\/263"}],"wp:attachment":[{"href":"https:\/\/freeotegi.com\/fr\/wp-json\/wp\/v2\/media?parent=28"}],"curies":[{"name":"wp","href":"https:\/\/api.w.org\/{rel}","templated":true}]}}